{"id":3088,"date":"2026-02-02T12:19:15","date_gmt":"2026-02-02T11:19:15","guid":{"rendered":"https:\/\/airap.asso.fr\/?page_id=3088"},"modified":"2026-03-03T11:43:02","modified_gmt":"2026-03-03T10:43:02","slug":"val-thorensval-thorens-une-mort-tragique-evitable-17-avril-2025","status":"publish","type":"page","link":"https:\/\/airap.asso.fr\/?page_id=3088","title":{"rendered":"Val Thorens, un mort, 17 avril 2025"},"content":{"rendered":"<p style=\"font-weight: 400;\"><strong style=\"font-size: 16px; font-style: normal;\">1-<\/strong><strong>Un automate d\u2019alerte\u00a0?\u00a0\u00a0\u00a0\u00a0 <\/strong><strong>\u00a0oui, bien s\u00fbr<\/strong><\/p>\n<p style=\"font-weight: 400;\"><strong>\u00a0 \u00a0 \u00a0 \u00a0 \u00a0 \u00a0 \u00a0 \u00a0 \u00a0 \u00a0 \u00a0 \u00a0 \u00a0 \u00a0 \u00a0 \u00a0 \u00a0 \u00a0 \u00a0 \u00a0 \u00a0 \u00a0mais pas n\u2019importe comment\u2026<\/strong><\/p>\n<p><strong style=\"font-weight: 400;\">\u00a0<\/strong><strong style=\"font-weight: 400;\">de Montroc-Chamonix, 1999, 12 morts &#8230;<\/strong><strong>\u00e0 Val Thorens, 2025, 1 mort, quelle tristesse !<\/strong><\/p>\n<p style=\"font-weight: 400;\">Deux drames qui expliquent pourquoi, depuis sa cr\u00e9ation en 2005, l\u2019AIRAP a activement cherch\u00e9 \u00e0 ce que des automates d\u2019alertes soient install\u00e9s dans les communes expos\u00e9es au risque d\u2019avalanche en secteurs habit\u00e9s.<\/p>\n<p style=\"font-weight: 400;\">Ces deux drames t\u00e9moignent, \u00e0 des p\u00e9riodes diff\u00e9rentes, de cette absence de culture du risque. Au-del\u00e0 des mots, les faits parlent. Ils sont pr\u00e9sent\u00e9s ci-dessous\u00a0 en trois \u00e9tapes:<\/p>\n<ul>\n<li>\n<h4><strong>1\u00b0 Chamonix, 1999 et apr\u00e8s<\/strong><\/h4>\n<ul>\n<li><span style=\"font-size: 16px;\">1999, \u00ab\u00a0j\u2019ai la situation bien en mains\u00a0\u00bb avait annonc\u00e9 \u00e0 la radio locale le maire de l\u2019\u00e9poque (curieusement ce message a disparu tr\u00e8s vite des archives de la station, mais un auditeur tr\u00e8s fiable a t\u00e9moign\u00e9\u2026).<\/span><\/li>\n<li>A l\u2019\u00e9poque, il n\u2019y avait pas de syst\u00e8me d\u2019alerte organis\u00e9. On ne pouvait donc pas alerter mais seulement pr\u00e9venir.<\/li>\n<li>Comment pr\u00e9venir du risque ou \u00eatre pr\u00e9venu\u00a0:<\/li>\n<\/ul>\n<\/li>\n<\/ul>\n<p style=\"font-weight: 400;\">Le bouche \u00e0 oreille, le t\u00e9l\u00e9phone, un message des voisins. Mais en p\u00e9riode de grosse neige, qui sait qui, parmi les r\u00e9sidents secondaires, occupe son chalet\u00a0?\u00a0 Dans la r\u00e9alit\u00e9, 5 des 17 chalets d\u00e9truits \u00e9taient occup\u00e9s, avant-veille des vacances scolaires. On pr\u00e9vient donc ses voisins, r\u00e9sidents permanents. Ils l\u2019ont \u00e9t\u00e9. Mais il n\u2019y a pas d\u2019alerte. Et \u00e0 ceux qui appellent la mairie pour savoir quoi faire, on dit\u00a0: restez chez vous\u00a0!<\/p>\n<ul>\n<li><strong>2006 <\/strong>&#8211; premi\u00e8res recherches de l\u2019AIRAP pour savoir comment l\u2019information\u00a0 sur un risque potentiel est signal\u00e9 dans un environnement menac\u00e9. Gilbert Delaunay, vice-pr\u00e9sident et ancien pr\u00e9sident de l\u2019AIRAP \u00e0 cette \u00e9poque, r\u00e9sidant dans une zone d\u2019alerte de risque nucl\u00e9aire sait comment se passent les choses \u00e0 Gonfreville l\u2019Orcher.<\/li>\n<li>Une rencontre est organis\u00e9e avec le maire d\u2019Albertville, qui, conscient du risque inondation dans sa ville, a mis sur pied un syst\u00e8me efficace, automatis\u00e9, et donc rapide \u00e0 mettre en oeuvre aupr\u00e8s d\u2019un grand nombre de personnes en cas d\u2019urgence.<\/li>\n<li>Les contacts sur ce sujet avec la mairie de Chamonix, pris d\u00e8s 2008 d\u00e9bouchent en 2012, (apr\u00e8s des \u00e9changes parfois un peu tendus), sur un outil permettant ces avertissements par t\u00e9l\u00e9phone et en instantan\u00e9 vers plusieurs milliers de personnes.<\/li>\n<\/ul>\n<p style=\"font-weight: 400;\">&#8211; <strong>les points essentiels attendus du syst\u00e8me<\/strong><\/p>\n<ul>\n<li><strong>La rapidit\u00e9 de la transmission de l\u2019information<\/strong>\u00a0: passer de quelques centaines de personnes averties en une heure (ancien syst\u00e8me) \u00e0 plusieurs milliers en instantan\u00e9.<\/li>\n<li><strong>L\u2019exhaustivit\u00e9 de la transmission des alertes<\/strong><\/li>\n<\/ul>\n<p style=\"font-weight: 400;\">Veiller \u00e0 ce que tous puissent \u00eatre inform\u00e9s, en particulier les r\u00e9sidents secondaires. Que ce soit \u00e0 Val d\u2019Is\u00e8re, Chamonix ou Val Thorens, ce sont eux g\u00e9n\u00e9ralement qui sont les victimes les plus fr\u00e9quentes.<\/p>\n<p style=\"font-weight: 400;\">Pourquoi\u00a0?<\/p>\n<ul>\n<li>Ils n\u2019ont pas la m\u00eame exp\u00e9rience de la montagne<\/li>\n<li>Leurs logements sont plus fr\u00e9quemment construits dans des secteurs mal ou insuffisamment cartographi\u00e9s (la pression de l\u2019or blanc&#8230;).<\/li>\n<li>A Chamonix, une majorit\u00e9 des chalets d\u00e9truits \u00e9taient en zone blanche\u2026les cartes d\u2019avalanches illisibles et incompl\u00e8tes<\/li>\n<li>Ils ne sont pas avertis du danger imminent<\/li>\n<\/ul>\n<p style=\"font-weight: 400;\"><strong>Comment faire\u00a0?<\/strong><\/p>\n<p style=\"font-weight: 400;\">La demande de l\u2019AIRAP \u00e9tait claire : que la mairie \u00e9crive <strong>en recommand\u00e9<\/strong> <strong>avec AR<\/strong> \u00e0 chaque propri\u00e9taire, principal et secondaire, d\u2019un logement en secteur d\u2019avalanche pour lui pr\u00e9ciser la situation de son logement face \u00e0 ce risque, et l\u2019informer sur\u00a0:<\/p>\n<ul>\n<li>:<\/li>\n<\/ul>\n<ul>\n<li>Ce qu\u2019il y aura lieu de faire en cas d\u2019alerte<\/li>\n<li>Le lieu d&rsquo;accueil en cas d\u2019ordre d\u2019\u00e9vacuation<\/li>\n<li>Mais aussi et surtout\n<ul>\n<li>Lui demander de s\u2019inscrire \u00e0 l\u2019automate d\u2019alerte en pr\u00e9cisant le num\u00e9ro attribu\u00e9 au logement dans lequel il r\u00e9side et en indiquant son num\u00e9ro de t\u00e9l\u00e9phone personnel<\/li>\n<li>Lui demander les dates de son s\u00e9jour<\/li>\n<li>Lui recommander l\u2019affichage de ces informations (3 feuilles) en un lieu visible par tous \u00e0 l\u2019int\u00e9rieur du logement de mani\u00e8re \u00e0 ce que chacun des occupants, propri\u00e9taire, enfants, amis, locataires, puisse s\u2019inscrire(en fran\u00e7ais et en anglais) \u00a0\u00a0\u00a0\u00a0\u00a0\u00a0\u00a0\u00a0\u00a0\u00a0\u00a0\u00a0\u00a0\u00a0\u00a0\u00a0\u00a0\u00a0\u00a0\u00a0\u00a0\u00a0\u00a0\u00a0\u00a0\u00a0\u00a0\u00a0\u00a0\u00a0\u00a0\u00a0\u00a0\u00a0\u00a0\u00a0\u00a0\u00a0\u00a0\u00a0\u00a0\u00a0\u00a0\u00a0\u00a0\u00a0\u00a0\u00a0\u00a0\u00a0\u00a0\u00a0\u00a0\u00a0\u00a0\u00a0\u00a0\u00a0\u00a0\u00a0\u00a0\u00a0\u00a0\u00a0\u00a0\u00a0\u00a0\u00a0\u00a0\u00a0\u00a0\u00a0\u00a0\u00a0\u00a0\u00a0\u00a0\u00a0\u00a0\u00a0\u00a0\u00a0\u00a0\u00a0\u00a0\u00a0\u00a0\u00a0\u00a0\u00a0\u00a0\u00a0\u00a0\u00a0\u00a0\u00a0\u00a0\u00a0\u00a0\u00a0\u00a0\u00a0\u00a0\u00a0\u00a0\u00a0\u00a0\u00a0\u00a0\u00a0\u00a0\u00a0\u00a0\u00a0\u00a0\u00a0\u00a0\u00a0\u00a0\u00a0\u00a0\u00a0\u00a0\u00a0\u00a0\u00a0\u00a0\u00a0\u00a0\u00a0\u00a0\u00a0\u00a0\u00a0\u00a0\u00a0\u00a0\u00a0\u00a0\u00a0\u00a0\u00a0\u00a0\u00a0\u00a0\u00a0\u00a0\u00a0\u00a0\u00a0\u00a0\u00a0\u00a0\u00a0\u00a0\u00a0\u00a0\u00a0\u00a0\u00a0\u00a0\u00a0\u00a0\u00a0\u00a0\u00a0\u00a0\u00a0\u00a0\u00a0\u00a0\u00a0\u00a0\u00a0\u00a0\u00a0\u00a0\u00a0\u00a0\u00a0\u00a0\u00a0\u00a0\u00a0\u00a0\u00a0\u00a0\u00a0\u00a0\u00a0\u00a0\u00a0\u00a0\u00a0\u00a0\u00a0\u00a0\u00a0\u00a0\u00a0\u00a0\u00a0\u00a0\u00a0\u00a0\u00a0\u00a0\u00a0\u00a0\u00a0\u00a0\u00a0\u00a0\u00a0\u00a0\u00a0\u00a0\u00a0\u00a0\u00a0\u00a0\u00a0\u00a0\u00a0\u00a0\u00a0\u00a0\u00a0\u00a0\u00a0\u00a0\u00a0\u00a0\u00a0\u00a0\u00a0\u00a0\u00a0\u00a0\u00a0\u00a0\u00a0\u00a0\u00a0\u00a0\u00a0\u00a0\u00a0\u00a0\u00a0\u00a0\u00a0\u00a0\u00a0\u00a0\u00a0\u00a0\u00a0\u00a0\u00a0\u00a0\u00a0\u00a0\u00a0\u00a0\u00a0\u00a0\u00a0\u00a0\u00a0\u00a0\u00a0\u00a0\u00a0\u00a0\u00a0\u00a0\u00a0\u00a0\u00a0\u00a0\u00a0\u00a0\u00a0\u00a0\u00a0\u00a0\u00a0\u00a0\u00a0\u00a0\u00a0\u00a0\u00a0\u00a0\u00a0\u00a0\u00a0\u00a0\u00a0\u00a0\u00a0\u00a0\u00a0\u00a0\u00a0\u00a0\u00a0\u00a0\u00a0\u00a0\u00a0\u00a0\u00a0\u00a0\u00a0\u00a0\u00a0\u00a0\u00a0\u00a0\u00a0\u00a0\u00a0\u00a0\u00a0\u00a0\u00a0\u00a0\u00a0\u00a0\u00a0\u00a0\u00a0\u00a0\u00a0\u00a0\u00a0\u00a0\u00a0\u00a0\u00a0\u00a0\u00a0\u00a0\u00a0\u00a0\u00a0\u00a0\u00a0\u00a0\u00a0\u00a0\u00a0\u00a0\u00a0\u00a0\u00a0\u00a0\u00a0\u00a0\u00a0\u00a0\u00a0\u00a0\u00a0\u00a0\u00a0\u00a0\u00a0\u00a0\u00a0\u00a0\u00a0\u00a0\u00a0\u00a0\u00a0\u00a0\u00a0\u00a0\u00a0\u00a0\u00a0\u00a0\u00a0\u00a0\u00a0\u00a0\u00a0\u00a0\u00a0\u00a0\u00a0\u00a0\u00a0\u00a0\u00a0\u00a0\u00a0\u00a0\u00a0\u00a0\u00a0\u00a0\u00a0\u00a0\u00a0\u00a0\u00a0\u00a0\u00a0\u00a0\u00a0\u00a0\u00a0\u00a0\u00a0\u00a0\u00a0\u00a0\u00a0\u00a0\u00a0\u00a0\u00a0\u00a0\u00a0\u00a0\u00a0\u00a0\u00a0\u00a0\u00a0\u00a0\u00a0\u00a0\u00a0\u00a0\u00a0\u00a0\u00a0\u00a0\u00a0\u00a0\u00a0\u00a0\u00a0\u00a0\u00a0\u00a0\u00a0\u00a0\u00a0\u00a0\u00a0\u00a0\u00a0\u00a0\u00a0\u00a0\u00a0\u00a0\u00a0\u00a0\u00a0\u00a0\u00a0\u00a0\u00a0\u00a0\u00a0\u00a0\u00a0\u00a0\u00a0\u00a0\u00a0\u00a0\u00a0\u00a0\u00a0\u00a0\u00a0\u00a0\u00a0\u00a0\u00a0\u00a0\u00a0\u00a0\u00a0Ainsi, les messages d\u2019alerte seront transmis en instantan\u00e9 par t\u00e9l\u00e9phone de toutes mani\u00e8res au propri\u00e9taire mais aussi aux occupants ponctuels du logement<\/li>\n<\/ul>\n<\/li>\n<\/ul>\n<p style=\"font-weight: 400;\">Cette m\u00e9thode est mise en \u0153uvre par les mairies de Chamonix, Les Houches et Vallorcine, depuis 2012 pour Chamonix.<\/p>\n<h4 style=\"font-weight: 400;\">\u00a0\u00a0\u00a0\u00a0\u00a0\u00a0\u00a0\u00a0\u00a0\u00a0\u00a0 <strong>2\u00b0<\/strong> <strong>2015 &#8211; Le cas particulier des PIDA<\/strong><\/h4>\n<p style=\"font-weight: 400;\">Ces d\u00e9clenchements pr\u00e9ventifs pour s\u00e9curiser les pistes sont interdits au-dessus des secteurs habit\u00e9s. On le con\u00e7oit ais\u00e9ment. N\u00e9anmoins, la sagesse veut que dans certains cas et lieux, il soit d\u00e9rog\u00e9 \u00e0 cette r\u00e8gle au-dessus de secteurs habit\u00e9s. Le cas du Br\u00e9vent, premier couloir d\u2019avalanches d\u2019Europe en termes de danger pour les habitations, le justifie. L\u2019AIRAP, qui s\u2019\u00e9tonnait de cela, en a compris l\u2019utilit\u00e9 pratique.<\/p>\n<p style=\"font-weight: 400;\">Il est alors bien s\u00fbr imp\u00e9ratif que soient s\u00e9curis\u00e9s les espaces susceptibles d\u2019\u00eatre atteints par ces avalanches provoqu\u00e9es.<\/p>\n<p style=\"font-weight: 400;\">L\u2019AIRAP est intervenue aupr\u00e8s de la mairie de Chamonix en diverses occasions pour faire en sorte que soient pris en compte trois types de risques d\u2019incidents possibles\u00a0:<\/p>\n<p style=\"font-weight: 400;\">&#8211; premier risque, utiliser l\u2019automate d\u2019alerte pour pr\u00e9venir la population r\u00e9sidant dans le couloir d\u2019avalanche d\u2019un d\u00e9clenchement programm\u00e9. Cela est fait dor\u00e9navant syst\u00e9matiquement.<\/p>\n<p style=\"font-weight: 400;\">&#8211; deuxi\u00e8me risque\u00a0: l\u2019acc\u00e8s \u00e0 la zone doit \u00eatre interdit aux v\u00e9hicules et pi\u00e9tons pendant les p\u00e9riodes de tir. Cela est fait syst\u00e9matiquement.<\/p>\n<p style=\"font-weight: 400;\">&#8211; \u00a0troisi\u00e8me risque\u00a0: une des personnes en charge des acc\u00e8s est absente. Le responsable du tir s\u2019informe syst\u00e9matiquement de la pr\u00e9sence effective des personnes en charge de la surveillance.<\/p>\n<p style=\"font-weight: 400;\">Signalons que dans le cadre de ces PIDA, la mairie, pour le Br\u00e9vent, a pris la bonne d\u00e9cision de d\u00e9clencher ses tirs en deux fois pour permettre de purger d\u2019abord la partie basse du couloir puis la partie haute afin de minimiser le risque de grosse avalanche.<\/p>\n<p style=\"font-weight: 400;\">Toutes ces mesures sont de simple bon sens et l\u2019AIRAP a pu appr\u00e9cier la mani\u00e8re dont elles ont \u00e9t\u00e9 mises en \u0153uvre, \u00e0 la suite de points r\u00e9guliers dans un climat d\u2019ouverture, d\u2019\u00e9change et d\u2019\u00e9coute. L\u2019intelligence collective au sein d\u2019une commune, d\u00e8s lors que la volont\u00e9 des acteurs, le maire, bien s\u00fbr en premier car responsable de la s\u00e9curit\u00e9 dans sa commune, est pr\u00e9sente. Elle am\u00e8ne naturellement \u00e0 ces d\u00e9cisions. A condition de s\u2019en occuper\u2026.<\/p>\n<h4 style=\"font-weight: 400;\">\u00a0\u00a0\u00a0\u00a0\u00a0\u00a0\u00a0\u00a0\u00a0\u00a0\u00a0 <strong>3\u00b0<\/strong> <strong>2025, Val Thorens<\/strong><\/h4>\n<p style=\"font-weight: 400;\">Des \u00e9changes avec la mairie, il ressort que l\u2019automate d\u2019alerte existait \u00e0 Val Thorens depuis plusieurs ann\u00e9es, identique \u00e0 celui de Chamonix, mais que son utilisation \u00e9tait tr\u00e8s d\u00e9faillante<\/p>\n<ul>\n<li>Inscription en petit nombre des personnes, essentiellement r\u00e9sidents principaux (autour de mille pour toute la commune). Il n\u2019y a pas eu de politique efficace pour informer l\u2019ensemble des propri\u00e9taires<\/li>\n<li>Pas de m\u00e9thode pour avertir la population principale et secondaire en instantan\u00e9<\/li>\n<li>Les h\u00e9bergeurs, en nombre particuli\u00e8rement importants \u00e0 Val Thorens, sont avertis via l\u2019Office du Tourisme, lui- m\u00eame averti par message par la mairie.<\/li>\n<li>Quant aux h\u00e9berg\u00e9s, ils ne pouvaient \u00eatre sensibilis\u00e9s par leurs h\u00e9bergeurs, ces derniers n\u2019\u00e9tant pas destinataires d\u2019un mode d\u2019emploi efficace \u00e0 l\u2019instar de celui adress\u00e9 par Chamonix. Par exemple, les syndics de copropri\u00e9t\u00e9 ont re\u00e7u comme consigne d\u2019afficher dans les parties communes toutes les instructions n\u00e9cessaires \u00e9voqu\u00e9es plus haut.<\/li>\n<li>Et il s\u2019agit alors de savoir quand le d\u00e9clencher mais ceci est un autre sujet, aussi mis au point \u00e0 Chamonix avec la pr\u00e9sence active de l\u2019AIRAP.<\/li>\n<li>Le r\u00e9sultat est bien l\u00e0\u00a0: le 17 avril, une victime de l\u2019insuffisance de l\u2019organisation de la pr\u00e9vention aux Belleville.<\/li>\n<\/ul>\n<p style=\"font-weight: 400;\">Ce jour-l\u00e0, le \u00ab\u00a0retour d\u2019est\u00a0\u00bb avait \u0153uvr\u00e9 mais il fallait absolument que les pistes soient pr\u00eates pour ne pas risquer de perdre un chiffre d\u2019affaires important pendant le long week-end de P\u00e2ques qui approchait. Avec une si bonne neige\u00a0! Donc d\u00e9p\u00eachons-nous de purger les couloirs r\u00e9pertori\u00e9s., l\u00e0 est l\u2019essentiel.<\/p>\n<p style=\"font-weight: 400;\">Perdre sa vie pour la gagner est un choix. Mais choix personnel assur\u00e9ment, qui ne peut \u00eatre fait pour d\u2019autres.<\/p>\n<p style=\"font-weight: 400;\">Mais comme on le dit souvent, le temps c\u2019est de l\u2019argent.<\/p>\n<p style=\"font-weight: 400;\">\n","protected":false},"excerpt":{"rendered":"<p>1-Un automate d\u2019alerte\u00a0?\u00a0\u00a0\u00a0\u00a0 \u00a0oui, bien s\u00fbr \u00a0 \u00a0 \u00a0 \u00a0 \u00a0 \u00a0 \u00a0 \u00a0 \u00a0 \u00a0 \u00a0 \u00a0 \u00a0 \u00a0 \u00a0 \u00a0 \u00a0 \u00a0 \u00a0 \u00a0 \u00a0 \u00a0mais pas n\u2019importe comment\u2026 \u00a0de Montroc-Chamonix, 1999, 12 morts &#8230;\u00e0 Val Thorens, 2025, 1 mort, quelle tristesse ! Deux drames qui expliquent pourquoi, depuis sa cr\u00e9ation en 2005, [&hellip;]<\/p>\n","protected":false},"author":2,"featured_media":0,"parent":0,"menu_order":0,"comment_status":"closed","ping_status":"closed","template":"","meta":{"sfsi_plus_gutenberg_text_before_share":"","sfsi_plus_gutenberg_show_text_before_share":"","sfsi_plus_gutenberg_icon_type":"","sfsi_plus_gutenberg_icon_alignemt":"","sfsi_plus_gutenburg_max_per_row":"","site-sidebar-layout":"default","site-content-layout":"","ast-site-content-layout":"default","site-content-style":"default","site-sidebar-style":"default","ast-global-header-display":"","ast-banner-title-visibility":"","ast-main-header-display":"","ast-hfb-above-header-display":"","ast-hfb-below-header-display":"","ast-hfb-mobile-header-display":"","site-post-title":"","ast-breadcrumbs-content":"","ast-featured-img":"","footer-sml-layout":"","ast-disable-related-posts":"","theme-transparent-header-meta":"default","adv-header-id-meta":"","stick-header-meta":"","header-above-stick-meta":"","header-main-stick-meta":"","header-below-stick-meta":"","astra-migrate-meta-layouts":"set","ast-page-background-enabled":"default","ast-page-background-meta":{"desktop":{"background-color":"var(--ast-global-color-4)","background-image":"","background-repeat":"repeat","background-position":"center center","background-size":"auto","background-attachment":"scroll","background-type":"","background-media":"","overlay-type":"","overlay-color":"","overlay-opacity":"","overlay-gradient":""},"tablet":{"background-color":"","background-image":"","background-repeat":"repeat","background-position":"center center","background-size":"auto","background-attachment":"scroll","background-type":"","background-media":"","overlay-type":"","overlay-color":"","overlay-opacity":"","overlay-gradient":""},"mobile":{"background-color":"","background-image":"","background-repeat":"repeat","background-position":"center center","background-size":"auto","background-attachment":"scroll","background-type":"","background-media":"","overlay-type":"","overlay-color":"","overlay-opacity":"","overlay-gradient":""}},"ast-content-background-meta":{"desktop":{"background-color":"var(--ast-global-color-5)","background-image":"","background-repeat":"repeat","background-position":"center center","background-size":"auto","background-attachment":"scroll","background-type":"","background-media":"","overlay-type":"","overlay-color":"","overlay-opacity":"","overlay-gradient":""},"tablet":{"background-color":"var(--ast-global-color-5)","background-image":"","background-repeat":"repeat","background-position":"center center","background-size":"auto","background-attachment":"scroll","background-type":"","background-media":"","overlay-type":"","overlay-color":"","overlay-opacity":"","overlay-gradient":""},"mobile":{"background-color":"var(--ast-global-color-5)","background-image":"","background-repeat":"repeat","background-position":"center center","background-size":"auto","background-attachment":"scroll","background-type":"","background-media":"","overlay-type":"","overlay-color":"","overlay-opacity":"","overlay-gradient":""}},"footnotes":""},"folder":[47],"class_list":["post-3088","page","type-page","status-publish","hentry"],"yoast_head":"<!-- This site is optimized with the Yoast SEO plugin v27.4 - https:\/\/yoast.com\/product\/yoast-seo-wordpress\/ -->\n<title>Val Thorens, un mort, 17 avril 2025 - AIRAP<\/title>\n<meta name=\"robots\" content=\"index, follow, max-snippet:-1, max-image-preview:large, max-video-preview:-1\" \/>\n<link rel=\"canonical\" href=\"https:\/\/airap.asso.fr\/?page_id=3088\" \/>\n<meta property=\"og:locale\" content=\"fr_FR\" \/>\n<meta property=\"og:type\" content=\"article\" \/>\n<meta property=\"og:title\" content=\"Val Thorens, un mort, 17 avril 2025 - AIRAP\" \/>\n<meta property=\"og:description\" content=\"1-Un automate d\u2019alerte\u00a0?\u00a0\u00a0\u00a0\u00a0 \u00a0oui, bien s\u00fbr \u00a0 \u00a0 \u00a0 \u00a0 \u00a0 \u00a0 \u00a0 \u00a0 \u00a0 \u00a0 \u00a0 \u00a0 \u00a0 \u00a0 \u00a0 \u00a0 \u00a0 \u00a0 \u00a0 \u00a0 \u00a0 \u00a0mais pas n\u2019importe comment\u2026 \u00a0de Montroc-Chamonix, 1999, 12 morts &#8230;\u00e0 Val Thorens, 2025, 1 mort, quelle tristesse ! Deux drames qui expliquent pourquoi, depuis sa cr\u00e9ation en 2005, [&hellip;]\" \/>\n<meta property=\"og:url\" content=\"https:\/\/airap.asso.fr\/?page_id=3088\" \/>\n<meta property=\"og:site_name\" content=\"AIRAP\" \/>\n<meta property=\"article:publisher\" content=\"https:\/\/www.facebook.com\/airapasso\/\" \/>\n<meta property=\"article:modified_time\" content=\"2026-03-03T10:43:02+00:00\" \/>\n<meta property=\"og:image\" content=\"https:\/\/airap.asso.fr\/wp-content\/uploads\/2021\/06\/cropped-AIRAP-1.png\" \/>\n\t<meta property=\"og:image:width\" content=\"512\" \/>\n\t<meta property=\"og:image:height\" content=\"512\" \/>\n\t<meta property=\"og:image:type\" content=\"image\/png\" \/>\n<meta name=\"twitter:card\" content=\"summary_large_image\" \/>\n<meta name=\"twitter:site\" content=\"@AirapFrance\" \/>\n<meta name=\"twitter:label1\" content=\"Dur\u00e9e de lecture estim\u00e9e\" \/>\n\t<meta name=\"twitter:data1\" content=\"7 minutes\" \/>\n<script type=\"application\/ld+json\" class=\"yoast-schema-graph\">{\"@context\":\"https:\\\/\\\/schema.org\",\"@graph\":[{\"@type\":\"WebPage\",\"@id\":\"https:\\\/\\\/airap.asso.fr\\\/?page_id=3088\",\"url\":\"https:\\\/\\\/airap.asso.fr\\\/?page_id=3088\",\"name\":\"Val Thorens, un mort, 17 avril 2025 - AIRAP\",\"isPartOf\":{\"@id\":\"https:\\\/\\\/airap.asso.fr\\\/#website\"},\"datePublished\":\"2026-02-02T11:19:15+00:00\",\"dateModified\":\"2026-03-03T10:43:02+00:00\",\"breadcrumb\":{\"@id\":\"https:\\\/\\\/airap.asso.fr\\\/?page_id=3088#breadcrumb\"},\"inLanguage\":\"fr-FR\",\"potentialAction\":[{\"@type\":\"ReadAction\",\"target\":[\"https:\\\/\\\/airap.asso.fr\\\/?page_id=3088\"]}]},{\"@type\":\"BreadcrumbList\",\"@id\":\"https:\\\/\\\/airap.asso.fr\\\/?page_id=3088#breadcrumb\",\"itemListElement\":[{\"@type\":\"ListItem\",\"position\":1,\"name\":\"Accueil\",\"item\":\"https:\\\/\\\/airap.asso.fr\\\/\"},{\"@type\":\"ListItem\",\"position\":2,\"name\":\"Val Thorens, un mort, 17 avril 2025\"}]},{\"@type\":\"WebSite\",\"@id\":\"https:\\\/\\\/airap.asso.fr\\\/#website\",\"url\":\"https:\\\/\\\/airap.asso.fr\\\/\",\"name\":\"AIRAP - Association pour l'Information sur les Risques d'Avalanches Urbaines et leur Pr\u00e9vention\",\"description\":\"Association pour l&#039;Information sur les Risques d&#039;Avalanches Urbaines et leur Pr\u00e9vention\",\"publisher\":{\"@id\":\"https:\\\/\\\/airap.asso.fr\\\/#organization\"},\"potentialAction\":[{\"@type\":\"SearchAction\",\"target\":{\"@type\":\"EntryPoint\",\"urlTemplate\":\"https:\\\/\\\/airap.asso.fr\\\/?s={search_term_string}\"},\"query-input\":{\"@type\":\"PropertyValueSpecification\",\"valueRequired\":true,\"valueName\":\"search_term_string\"}}],\"inLanguage\":\"fr-FR\"},{\"@type\":\"Organization\",\"@id\":\"https:\\\/\\\/airap.asso.fr\\\/#organization\",\"name\":\"AIRAP ASSOCIATION\",\"url\":\"https:\\\/\\\/airap.asso.fr\\\/\",\"logo\":{\"@type\":\"ImageObject\",\"inLanguage\":\"fr-FR\",\"@id\":\"https:\\\/\\\/airap.asso.fr\\\/#\\\/schema\\\/logo\\\/image\\\/\",\"url\":\"https:\\\/\\\/airap.asso.fr\\\/wp-content\\\/uploads\\\/2021\\\/06\\\/ARAP-4.png\",\"contentUrl\":\"https:\\\/\\\/airap.asso.fr\\\/wp-content\\\/uploads\\\/2021\\\/06\\\/ARAP-4.png\",\"width\":500,\"height\":500,\"caption\":\"AIRAP ASSOCIATION\"},\"image\":{\"@id\":\"https:\\\/\\\/airap.asso.fr\\\/#\\\/schema\\\/logo\\\/image\\\/\"},\"sameAs\":[\"https:\\\/\\\/www.facebook.com\\\/airapasso\\\/\",\"https:\\\/\\\/x.com\\\/AirapFrance\"]}]}<\/script>\n<!-- \/ Yoast SEO plugin. -->","yoast_head_json":{"title":"Val Thorens, un mort, 17 avril 2025 - AIRAP","robots":{"index":"index","follow":"follow","max-snippet":"max-snippet:-1","max-image-preview":"max-image-preview:large","max-video-preview":"max-video-preview:-1"},"canonical":"https:\/\/airap.asso.fr\/?page_id=3088","og_locale":"fr_FR","og_type":"article","og_title":"Val Thorens, un mort, 17 avril 2025 - AIRAP","og_description":"1-Un automate d\u2019alerte\u00a0?\u00a0\u00a0\u00a0\u00a0 \u00a0oui, bien s\u00fbr \u00a0 \u00a0 \u00a0 \u00a0 \u00a0 \u00a0 \u00a0 \u00a0 \u00a0 \u00a0 \u00a0 \u00a0 \u00a0 \u00a0 \u00a0 \u00a0 \u00a0 \u00a0 \u00a0 \u00a0 \u00a0 \u00a0mais pas n\u2019importe comment\u2026 \u00a0de Montroc-Chamonix, 1999, 12 morts &#8230;\u00e0 Val Thorens, 2025, 1 mort, quelle tristesse ! Deux drames qui expliquent pourquoi, depuis sa cr\u00e9ation en 2005, [&hellip;]","og_url":"https:\/\/airap.asso.fr\/?page_id=3088","og_site_name":"AIRAP","article_publisher":"https:\/\/www.facebook.com\/airapasso\/","article_modified_time":"2026-03-03T10:43:02+00:00","og_image":[{"width":512,"height":512,"url":"https:\/\/airap.asso.fr\/wp-content\/uploads\/2021\/06\/cropped-AIRAP-1.png","type":"image\/png"}],"twitter_card":"summary_large_image","twitter_site":"@AirapFrance","twitter_misc":{"Dur\u00e9e de lecture estim\u00e9e":"7 minutes"},"schema":{"@context":"https:\/\/schema.org","@graph":[{"@type":"WebPage","@id":"https:\/\/airap.asso.fr\/?page_id=3088","url":"https:\/\/airap.asso.fr\/?page_id=3088","name":"Val Thorens, un mort, 17 avril 2025 - AIRAP","isPartOf":{"@id":"https:\/\/airap.asso.fr\/#website"},"datePublished":"2026-02-02T11:19:15+00:00","dateModified":"2026-03-03T10:43:02+00:00","breadcrumb":{"@id":"https:\/\/airap.asso.fr\/?page_id=3088#breadcrumb"},"inLanguage":"fr-FR","potentialAction":[{"@type":"ReadAction","target":["https:\/\/airap.asso.fr\/?page_id=3088"]}]},{"@type":"BreadcrumbList","@id":"https:\/\/airap.asso.fr\/?page_id=3088#breadcrumb","itemListElement":[{"@type":"ListItem","position":1,"name":"Accueil","item":"https:\/\/airap.asso.fr\/"},{"@type":"ListItem","position":2,"name":"Val Thorens, un mort, 17 avril 2025"}]},{"@type":"WebSite","@id":"https:\/\/airap.asso.fr\/#website","url":"https:\/\/airap.asso.fr\/","name":"AIRAP - Association pour l'Information sur les Risques d'Avalanches Urbaines et leur Pr\u00e9vention","description":"Association pour l&#039;Information sur les Risques d&#039;Avalanches Urbaines et leur Pr\u00e9vention","publisher":{"@id":"https:\/\/airap.asso.fr\/#organization"},"potentialAction":[{"@type":"SearchAction","target":{"@type":"EntryPoint","urlTemplate":"https:\/\/airap.asso.fr\/?s={search_term_string}"},"query-input":{"@type":"PropertyValueSpecification","valueRequired":true,"valueName":"search_term_string"}}],"inLanguage":"fr-FR"},{"@type":"Organization","@id":"https:\/\/airap.asso.fr\/#organization","name":"AIRAP ASSOCIATION","url":"https:\/\/airap.asso.fr\/","logo":{"@type":"ImageObject","inLanguage":"fr-FR","@id":"https:\/\/airap.asso.fr\/#\/schema\/logo\/image\/","url":"https:\/\/airap.asso.fr\/wp-content\/uploads\/2021\/06\/ARAP-4.png","contentUrl":"https:\/\/airap.asso.fr\/wp-content\/uploads\/2021\/06\/ARAP-4.png","width":500,"height":500,"caption":"AIRAP ASSOCIATION"},"image":{"@id":"https:\/\/airap.asso.fr\/#\/schema\/logo\/image\/"},"sameAs":["https:\/\/www.facebook.com\/airapasso\/","https:\/\/x.com\/AirapFrance"]}]}},"_links":{"self":[{"href":"https:\/\/airap.asso.fr\/index.php?rest_route=\/wp\/v2\/pages\/3088","targetHints":{"allow":["GET"]}}],"collection":[{"href":"https:\/\/airap.asso.fr\/index.php?rest_route=\/wp\/v2\/pages"}],"about":[{"href":"https:\/\/airap.asso.fr\/index.php?rest_route=\/wp\/v2\/types\/page"}],"author":[{"embeddable":true,"href":"https:\/\/airap.asso.fr\/index.php?rest_route=\/wp\/v2\/users\/2"}],"replies":[{"embeddable":true,"href":"https:\/\/airap.asso.fr\/index.php?rest_route=%2Fwp%2Fv2%2Fcomments&post=3088"}],"version-history":[{"count":7,"href":"https:\/\/airap.asso.fr\/index.php?rest_route=\/wp\/v2\/pages\/3088\/revisions"}],"predecessor-version":[{"id":3115,"href":"https:\/\/airap.asso.fr\/index.php?rest_route=\/wp\/v2\/pages\/3088\/revisions\/3115"}],"wp:attachment":[{"href":"https:\/\/airap.asso.fr\/index.php?rest_route=%2Fwp%2Fv2%2Fmedia&parent=3088"}],"wp:term":[{"taxonomy":"folder","embeddable":true,"href":"https:\/\/airap.asso.fr\/index.php?rest_route=%2Fwp%2Fv2%2Ffolder&post=3088"}],"curies":[{"name":"wp","href":"https:\/\/api.w.org\/{rel}","templated":true}]}}