{"id":3116,"date":"2026-03-03T11:46:14","date_gmt":"2026-03-03T10:46:14","guid":{"rendered":"https:\/\/airap.asso.fr\/?page_id=3116"},"modified":"2026-03-03T12:04:11","modified_gmt":"2026-03-03T11:04:11","slug":"valloire-un-drame-evitable","status":"publish","type":"page","link":"https:\/\/airap.asso.fr\/?page_id=3116","title":{"rendered":"Valloire, un drame \u00e9vitable"},"content":{"rendered":"\t\t<div data-elementor-type=\"wp-page\" data-elementor-id=\"3116\" class=\"elementor elementor-3116\">\n\t\t\t\t<div class=\"elementor-element elementor-element-39d72f58 e-flex e-con-boxed e-con e-parent\" data-id=\"39d72f58\" data-element_type=\"container\" data-e-type=\"container\">\n\t\t\t\t\t<div class=\"e-con-inner\">\n\t\t\t\t<div class=\"elementor-element elementor-element-3c7c1565 elementor-widget elementor-widget-text-editor\" data-id=\"3c7c1565\" data-element_type=\"widget\" data-e-type=\"widget\" data-widget_type=\"text-editor.default\">\n\t\t\t\t<div class=\"elementor-widget-container\">\n\t\t\t\t\t\t\t\t\t<p><strong><u>Avalanche mortelle de Valloire<\/u><\/strong><strong>, <u>un drame \u00e9vitable<\/u><\/strong><\/p>\n<ul>\n<li><strong><u>Les faits<\/u><\/strong><\/li>\n<li><strong><u>Les pr\u00e9cisions de l\u2019AIRAP<\/u><\/strong><\/li>\n<li><strong><u>Les questions<\/u><\/strong><\/li>\n<\/ul>\n<ul>\n<li><strong><u>1- Les faits tels que recueillis<\/u><\/strong>\n<ul>\n<li>Une alerte maximum 5\/5 d\u00e9clench\u00e9e le matin m\u00eame \u00e0 Valloire<\/li>\n<li>4 touristes emport\u00e9s \u00e0 11h34 sur un chemin parall\u00e8le \u00e0 la route d\u2019acc\u00e8s, \u00e0 quelques dizaines de m\u00e8tres du village.<\/li>\n<li>Un mort et deux victimes \u00ab&nbsp;polytraumatis\u00e9es&nbsp;\u00bb<\/li>\n<\/ul>\n<\/li>\n<\/ul>\n<p style=\"font-weight: 400;\"><strong>&nbsp;<\/strong><\/p>\n<ul>\n<li><strong><u>2- Les pr\u00e9cisions de l\u2019AIRAP<\/u><\/strong>\n<ul>\n<li>Il ne s\u2019agit pas ici de randonneurs incons\u00e9quents mais de simples touristes sortis s\u2019a\u00e9rer sur un chemin, rectiligne, \u00e0 plat et parall\u00e8le \u00e0 la route d\u2019acc\u00e8s au hameau, non signal\u00e9 apparemment comme interdit ou dangereux (comme \u00e0 Val Thorens le 17 avril dernier, un mort).<\/li>\n<li>Ce chemin n\u2019est pas un sentier de montagne comme indiqu\u00e9 \u00e0 la presse<\/li>\n<li>Ce secteur est connu \u00e0 la mairie (ou aurait d\u00fb l\u2019\u00eatre) car signal\u00e9 pr\u00e9cis\u00e9ment dans la CLPA (carte de localisation des ph\u00e9nom\u00e8nes d\u2019avalanches) du secteur (avalanche d\u00e9j\u00e0 tomb\u00e9e en 1981 &#8211; carte CLPA AX64 avalanche N\u00b0 24)<\/li>\n<\/ul>\n<\/li>\n<li><strong>3- Les questions de l\u2019AIRAP<\/strong>\n<ul>\n<li>Pourquoi le maire de Valloire n\u2019a-t-il pas averti d\u2019un danger potentiel les r\u00e9sidents de ce secteur&nbsp;? C\u2019est sa pleine responsabilit\u00e9 de le faire. Tignes avait confin\u00e9 sa population. Pourquoi pas Valloire, en tout cas dans ces secteurs avalancheux&nbsp;?<\/li>\n<li>Pourquoi le pr\u00e9fet n\u2019est-il pas venu en appui devant l\u2019annonce programm\u00e9e de cette crise neigeuse&nbsp;?<\/li>\n<li>Pourquoi le pr\u00e9fet de Savoie n\u2019a-t-il toujours pas prescrit l\u2019actualisation du PPR A de Valloire, comme d\u2019ailleurs dans la majorit\u00e9 des communes de Savoie alors que ce travail a \u00e9t\u00e9 effectu\u00e9 en Haute-Savoie et ailleurs&nbsp;? Quel est le r\u00f4le du \u00ab&nbsp;conseiller montagne&nbsp;\u00bb du pr\u00e9fet de Savoie qui nous avait indiqu\u00e9, d\u00e8s 2014, son opposition \u00e0 la prise en compte de l\u2019avalanche exceptionnelle, justement celle qui doit \u00eatre cartographi\u00e9e ?<\/li>\n<li>D\u2019une mani\u00e8re plus pr\u00e9cise, pourquoi le PPR A de Valloire ne prend-il pas en compte les SSA H (sites sensibles aux avalanches en secteurs habit\u00e9s) comme l\u2019imposent les \u00ab&nbsp;instructions gouvernementales&nbsp;\u00bb depuis 2015. Il y a pourtant \u00e0 Valloire 18 SSA H identifi\u00e9es par l\u2019INRAE dont 2 forts et 8 douteux.<\/li>\n<\/ul>\n<\/li>\n<\/ul>\n<p style=\"font-weight: 400;\">Est-il utile de rappeler ici la forte opposition historique (depuis 15 ans) de l\u2019ANMSM \u00e0 ces prises en compte de ce risque.<\/p>\n<p style=\"font-weight: 400;\">&nbsp;Faut-il rappeler ici que le maire de Valloire est le secr\u00e9taire g\u00e9n\u00e9ral de l\u2019ANMSM et qu\u2019il a \u00e9t\u00e9 le pr\u00e9sident de l\u2019ANENA pendant plusieurs ann\u00e9es 2021 \u00e0 2024)&nbsp;?&nbsp;<\/p>\n<p><span style=\"font-weight: 400; font-style: inherit; font-family: var( --e-global-typography-text-font-family ), Sans-serif; text-align: var(--text-align);\">L\u2019ANENA, cr\u00e9\u00e9e en 1970 pour \u00e9viter d\u2019autres drames du type de Val d\u2019Is\u00e8re, ne s\u2019occupe plus, h\u00e9las, de la protection en secteur urbain depuis la fin du mandat de Monsieur Jean Faure en 2014. Son successeur, Monsieur Andr\u00e9 Plaisance, a \u00e9t\u00e9 maire des Belleville (Val Thorens, les Menuires, Saint-Martin de Belleville). Elle en a toutes les capacit\u00e9s,&nbsp;<\/span>pourtant. Mais l&rsquo;ANMSM est un de ses contributeurs financiers important&#8230;<\/p>\n<p style=\"font-weight: 400;\">Cette association, devenue totalement silencieuse sur cet aspect des avalanches en zones habit\u00e9es, ne se pr\u00e9occupe donc plus que de la protection des personnes sur pistes ou hors-pistes (ce qu\u2019elle fait bien au demeurant). Quel recul&nbsp;!<\/p>\n<p style=\"font-weight: 400;\">Triste r\u00e9sultat&nbsp;!<\/p>\n<p style=\"font-weight: 400;\"><strong>&nbsp;<\/strong><\/p>\n<ul>\n<li><strong>Autres questions de l\u2019AIRAP<\/strong>\n<ul>\n<li>Elles sont de deux natures<\/li>\n<li><span style=\"font-style: inherit; font-family: var( --e-global-typography-text-font-family ), Sans-serif; text-align: var(--text-align);\">Pourquoi la mairie ne dispose-t-elle pas d\u2019un automate d\u2019alerte digne de ce nom pour alerter tous les habitants, y compris les r\u00e9sidents secondaires, des risques encourus comme cela se fait, par exemple, \u00e0 Chamonix (co\u00fbt modeste d\u2019installation et d\u2019exploitation) ?<\/span><span style=\"font-style: inherit; font-family: var( --e-global-typography-text-font-family ), Sans-serif; text-align: var(--text-align);\">&nbsp;<\/span><\/li>\n<li><span style=\"font-style: inherit; font-family: var( --e-global-typography-text-font-family ), Sans-serif; text-align: var(--text-align);\">Pourquoi, en somme, la culture du risque n\u2019est-elle pas d\u00e9velopp\u00e9e dans une commune de montagne pourtant tr\u00e8s expos\u00e9e aux avalanches&nbsp;? A \u00eatre trop occup\u00e9 ailleurs, le maire de cette grosse commune n\u2019a-t-il pas n\u00e9glig\u00e9 une de ses responsabilit\u00e9s essentielles, prot\u00e9ger ses habitants?<\/span><\/li>\n<\/ul>\n<\/li>\n<\/ul>\t\t\t\t\t\t\t\t<\/div>\n\t\t\t\t<\/div>\n\t\t\t\t\t<\/div>\n\t\t\t\t<\/div>\n\t\t\t\t<\/div>\n\t\t","protected":false},"excerpt":{"rendered":"<p>Avalanche mortelle de Valloire, un drame \u00e9vitable Les faits Les pr\u00e9cisions de l\u2019AIRAP Les questions 1- Les faits tels que recueillis Une alerte maximum 5\/5 d\u00e9clench\u00e9e le matin m\u00eame \u00e0 Valloire 4 touristes emport\u00e9s \u00e0 11h34 sur un chemin parall\u00e8le \u00e0 la route d\u2019acc\u00e8s, \u00e0 quelques dizaines de m\u00e8tres du village. Un mort et deux [&hellip;]<\/p>\n","protected":false},"author":2,"featured_media":0,"parent":0,"menu_order":0,"comment_status":"closed","ping_status":"closed","template":"","meta":{"sfsi_plus_gutenberg_text_before_share":"","sfsi_plus_gutenberg_show_text_before_share":"","sfsi_plus_gutenberg_icon_type":"","sfsi_plus_gutenberg_icon_alignemt":"","sfsi_plus_gutenburg_max_per_row":"","site-sidebar-layout":"default","site-content-layout":"","ast-site-content-layout":"default","site-content-style":"default","site-sidebar-style":"default","ast-global-header-display":"","ast-banner-title-visibility":"","ast-main-header-display":"","ast-hfb-above-header-display":"","ast-hfb-below-header-display":"","ast-hfb-mobile-header-display":"","site-post-title":"","ast-breadcrumbs-content":"","ast-featured-img":"","footer-sml-layout":"","ast-disable-related-posts":"","theme-transparent-header-meta":"","adv-header-id-meta":"","stick-header-meta":"","header-above-stick-meta":"","header-main-stick-meta":"","header-below-stick-meta":"","astra-migrate-meta-layouts":"default","ast-page-background-enabled":"default","ast-page-background-meta":{"desktop":{"background-color":"var(--ast-global-color-4)","background-image":"","background-repeat":"repeat","background-position":"center center","background-size":"auto","background-attachment":"scroll","background-type":"","background-media":"","overlay-type":"","overlay-color":"","overlay-opacity":"","overlay-gradient":""},"tablet":{"background-color":"","background-image":"","background-repeat":"repeat","background-position":"center center","background-size":"auto","background-attachment":"scroll","background-type":"","background-media":"","overlay-type":"","overlay-color":"","overlay-opacity":"","overlay-gradient":""},"mobile":{"background-color":"","background-image":"","background-repeat":"repeat","background-position":"center center","background-size":"auto","background-attachment":"scroll","background-type":"","background-media":"","overlay-type":"","overlay-color":"","overlay-opacity":"","overlay-gradient":""}},"ast-content-background-meta":{"desktop":{"background-color":"var(--ast-global-color-5)","background-image":"","background-repeat":"repeat","background-position":"center center","background-size":"auto","background-attachment":"scroll","background-type":"","background-media":"","overlay-type":"","overlay-color":"","overlay-opacity":"","overlay-gradient":""},"tablet":{"background-color":"var(--ast-global-color-5)","background-image":"","background-repeat":"repeat","background-position":"center center","background-size":"auto","background-attachment":"scroll","background-type":"","background-media":"","overlay-type":"","overlay-color":"","overlay-opacity":"","overlay-gradient":""},"mobile":{"background-color":"var(--ast-global-color-5)","background-image":"","background-repeat":"repeat","background-position":"center center","background-size":"auto","background-attachment":"scroll","background-type":"","background-media":"","overlay-type":"","overlay-color":"","overlay-opacity":"","overlay-gradient":""}},"footnotes":""},"folder":[],"class_list":["post-3116","page","type-page","status-publish","hentry"],"yoast_head":"<!-- This site is optimized with the Yoast SEO plugin v27.4 - https:\/\/yoast.com\/product\/yoast-seo-wordpress\/ -->\n<title>Valloire, un drame \u00e9vitable - AIRAP<\/title>\n<meta name=\"robots\" content=\"index, follow, max-snippet:-1, max-image-preview:large, max-video-preview:-1\" \/>\n<link rel=\"canonical\" href=\"https:\/\/airap.asso.fr\/?page_id=3116\" \/>\n<meta property=\"og:locale\" content=\"fr_FR\" \/>\n<meta property=\"og:type\" content=\"article\" \/>\n<meta property=\"og:title\" content=\"Valloire, un drame \u00e9vitable - AIRAP\" \/>\n<meta property=\"og:description\" content=\"Avalanche mortelle de Valloire, un drame \u00e9vitable Les faits Les pr\u00e9cisions de l\u2019AIRAP Les questions 1- Les faits tels que recueillis Une alerte maximum 5\/5 d\u00e9clench\u00e9e le matin m\u00eame \u00e0 Valloire 4 touristes emport\u00e9s \u00e0 11h34 sur un chemin parall\u00e8le \u00e0 la route d\u2019acc\u00e8s, \u00e0 quelques dizaines de m\u00e8tres du village. Un mort et deux [&hellip;]\" \/>\n<meta property=\"og:url\" content=\"https:\/\/airap.asso.fr\/?page_id=3116\" \/>\n<meta property=\"og:site_name\" content=\"AIRAP\" \/>\n<meta property=\"article:publisher\" content=\"https:\/\/www.facebook.com\/airapasso\/\" \/>\n<meta property=\"article:modified_time\" content=\"2026-03-03T11:04:11+00:00\" \/>\n<meta property=\"og:image\" content=\"https:\/\/airap.asso.fr\/wp-content\/uploads\/2021\/06\/cropped-AIRAP-1.png\" \/>\n\t<meta property=\"og:image:width\" content=\"512\" \/>\n\t<meta property=\"og:image:height\" content=\"512\" \/>\n\t<meta property=\"og:image:type\" content=\"image\/png\" \/>\n<meta name=\"twitter:card\" content=\"summary_large_image\" \/>\n<meta name=\"twitter:site\" content=\"@AirapFrance\" \/>\n<meta name=\"twitter:label1\" content=\"Dur\u00e9e de lecture estim\u00e9e\" \/>\n\t<meta name=\"twitter:data1\" content=\"3 minutes\" \/>\n<script type=\"application\/ld+json\" class=\"yoast-schema-graph\">{\"@context\":\"https:\\\/\\\/schema.org\",\"@graph\":[{\"@type\":\"WebPage\",\"@id\":\"https:\\\/\\\/airap.asso.fr\\\/?page_id=3116\",\"url\":\"https:\\\/\\\/airap.asso.fr\\\/?page_id=3116\",\"name\":\"Valloire, un drame \u00e9vitable - AIRAP\",\"isPartOf\":{\"@id\":\"https:\\\/\\\/airap.asso.fr\\\/#website\"},\"datePublished\":\"2026-03-03T10:46:14+00:00\",\"dateModified\":\"2026-03-03T11:04:11+00:00\",\"breadcrumb\":{\"@id\":\"https:\\\/\\\/airap.asso.fr\\\/?page_id=3116#breadcrumb\"},\"inLanguage\":\"fr-FR\",\"potentialAction\":[{\"@type\":\"ReadAction\",\"target\":[\"https:\\\/\\\/airap.asso.fr\\\/?page_id=3116\"]}]},{\"@type\":\"BreadcrumbList\",\"@id\":\"https:\\\/\\\/airap.asso.fr\\\/?page_id=3116#breadcrumb\",\"itemListElement\":[{\"@type\":\"ListItem\",\"position\":1,\"name\":\"Accueil\",\"item\":\"https:\\\/\\\/airap.asso.fr\\\/\"},{\"@type\":\"ListItem\",\"position\":2,\"name\":\"Valloire, un drame \u00e9vitable\"}]},{\"@type\":\"WebSite\",\"@id\":\"https:\\\/\\\/airap.asso.fr\\\/#website\",\"url\":\"https:\\\/\\\/airap.asso.fr\\\/\",\"name\":\"AIRAP - Association pour l'Information sur les Risques d'Avalanches Urbaines et leur Pr\u00e9vention\",\"description\":\"Association pour l&#039;Information sur les Risques d&#039;Avalanches Urbaines et leur Pr\u00e9vention\",\"publisher\":{\"@id\":\"https:\\\/\\\/airap.asso.fr\\\/#organization\"},\"potentialAction\":[{\"@type\":\"SearchAction\",\"target\":{\"@type\":\"EntryPoint\",\"urlTemplate\":\"https:\\\/\\\/airap.asso.fr\\\/?s={search_term_string}\"},\"query-input\":{\"@type\":\"PropertyValueSpecification\",\"valueRequired\":true,\"valueName\":\"search_term_string\"}}],\"inLanguage\":\"fr-FR\"},{\"@type\":\"Organization\",\"@id\":\"https:\\\/\\\/airap.asso.fr\\\/#organization\",\"name\":\"AIRAP ASSOCIATION\",\"url\":\"https:\\\/\\\/airap.asso.fr\\\/\",\"logo\":{\"@type\":\"ImageObject\",\"inLanguage\":\"fr-FR\",\"@id\":\"https:\\\/\\\/airap.asso.fr\\\/#\\\/schema\\\/logo\\\/image\\\/\",\"url\":\"https:\\\/\\\/airap.asso.fr\\\/wp-content\\\/uploads\\\/2021\\\/06\\\/ARAP-4.png\",\"contentUrl\":\"https:\\\/\\\/airap.asso.fr\\\/wp-content\\\/uploads\\\/2021\\\/06\\\/ARAP-4.png\",\"width\":500,\"height\":500,\"caption\":\"AIRAP ASSOCIATION\"},\"image\":{\"@id\":\"https:\\\/\\\/airap.asso.fr\\\/#\\\/schema\\\/logo\\\/image\\\/\"},\"sameAs\":[\"https:\\\/\\\/www.facebook.com\\\/airapasso\\\/\",\"https:\\\/\\\/x.com\\\/AirapFrance\"]}]}<\/script>\n<!-- \/ Yoast SEO plugin. -->","yoast_head_json":{"title":"Valloire, un drame \u00e9vitable - AIRAP","robots":{"index":"index","follow":"follow","max-snippet":"max-snippet:-1","max-image-preview":"max-image-preview:large","max-video-preview":"max-video-preview:-1"},"canonical":"https:\/\/airap.asso.fr\/?page_id=3116","og_locale":"fr_FR","og_type":"article","og_title":"Valloire, un drame \u00e9vitable - AIRAP","og_description":"Avalanche mortelle de Valloire, un drame \u00e9vitable Les faits Les pr\u00e9cisions de l\u2019AIRAP Les questions 1- Les faits tels que recueillis Une alerte maximum 5\/5 d\u00e9clench\u00e9e le matin m\u00eame \u00e0 Valloire 4 touristes emport\u00e9s \u00e0 11h34 sur un chemin parall\u00e8le \u00e0 la route d\u2019acc\u00e8s, \u00e0 quelques dizaines de m\u00e8tres du village. Un mort et deux [&hellip;]","og_url":"https:\/\/airap.asso.fr\/?page_id=3116","og_site_name":"AIRAP","article_publisher":"https:\/\/www.facebook.com\/airapasso\/","article_modified_time":"2026-03-03T11:04:11+00:00","og_image":[{"width":512,"height":512,"url":"https:\/\/airap.asso.fr\/wp-content\/uploads\/2021\/06\/cropped-AIRAP-1.png","type":"image\/png"}],"twitter_card":"summary_large_image","twitter_site":"@AirapFrance","twitter_misc":{"Dur\u00e9e de lecture estim\u00e9e":"3 minutes"},"schema":{"@context":"https:\/\/schema.org","@graph":[{"@type":"WebPage","@id":"https:\/\/airap.asso.fr\/?page_id=3116","url":"https:\/\/airap.asso.fr\/?page_id=3116","name":"Valloire, un drame \u00e9vitable - AIRAP","isPartOf":{"@id":"https:\/\/airap.asso.fr\/#website"},"datePublished":"2026-03-03T10:46:14+00:00","dateModified":"2026-03-03T11:04:11+00:00","breadcrumb":{"@id":"https:\/\/airap.asso.fr\/?page_id=3116#breadcrumb"},"inLanguage":"fr-FR","potentialAction":[{"@type":"ReadAction","target":["https:\/\/airap.asso.fr\/?page_id=3116"]}]},{"@type":"BreadcrumbList","@id":"https:\/\/airap.asso.fr\/?page_id=3116#breadcrumb","itemListElement":[{"@type":"ListItem","position":1,"name":"Accueil","item":"https:\/\/airap.asso.fr\/"},{"@type":"ListItem","position":2,"name":"Valloire, un drame \u00e9vitable"}]},{"@type":"WebSite","@id":"https:\/\/airap.asso.fr\/#website","url":"https:\/\/airap.asso.fr\/","name":"AIRAP - Association pour l'Information sur les Risques d'Avalanches Urbaines et leur Pr\u00e9vention","description":"Association pour l&#039;Information sur les Risques d&#039;Avalanches Urbaines et leur Pr\u00e9vention","publisher":{"@id":"https:\/\/airap.asso.fr\/#organization"},"potentialAction":[{"@type":"SearchAction","target":{"@type":"EntryPoint","urlTemplate":"https:\/\/airap.asso.fr\/?s={search_term_string}"},"query-input":{"@type":"PropertyValueSpecification","valueRequired":true,"valueName":"search_term_string"}}],"inLanguage":"fr-FR"},{"@type":"Organization","@id":"https:\/\/airap.asso.fr\/#organization","name":"AIRAP ASSOCIATION","url":"https:\/\/airap.asso.fr\/","logo":{"@type":"ImageObject","inLanguage":"fr-FR","@id":"https:\/\/airap.asso.fr\/#\/schema\/logo\/image\/","url":"https:\/\/airap.asso.fr\/wp-content\/uploads\/2021\/06\/ARAP-4.png","contentUrl":"https:\/\/airap.asso.fr\/wp-content\/uploads\/2021\/06\/ARAP-4.png","width":500,"height":500,"caption":"AIRAP ASSOCIATION"},"image":{"@id":"https:\/\/airap.asso.fr\/#\/schema\/logo\/image\/"},"sameAs":["https:\/\/www.facebook.com\/airapasso\/","https:\/\/x.com\/AirapFrance"]}]}},"_links":{"self":[{"href":"https:\/\/airap.asso.fr\/index.php?rest_route=\/wp\/v2\/pages\/3116","targetHints":{"allow":["GET"]}}],"collection":[{"href":"https:\/\/airap.asso.fr\/index.php?rest_route=\/wp\/v2\/pages"}],"about":[{"href":"https:\/\/airap.asso.fr\/index.php?rest_route=\/wp\/v2\/types\/page"}],"author":[{"embeddable":true,"href":"https:\/\/airap.asso.fr\/index.php?rest_route=\/wp\/v2\/users\/2"}],"replies":[{"embeddable":true,"href":"https:\/\/airap.asso.fr\/index.php?rest_route=%2Fwp%2Fv2%2Fcomments&post=3116"}],"version-history":[{"count":6,"href":"https:\/\/airap.asso.fr\/index.php?rest_route=\/wp\/v2\/pages\/3116\/revisions"}],"predecessor-version":[{"id":3125,"href":"https:\/\/airap.asso.fr\/index.php?rest_route=\/wp\/v2\/pages\/3116\/revisions\/3125"}],"wp:attachment":[{"href":"https:\/\/airap.asso.fr\/index.php?rest_route=%2Fwp%2Fv2%2Fmedia&parent=3116"}],"wp:term":[{"taxonomy":"folder","embeddable":true,"href":"https:\/\/airap.asso.fr\/index.php?rest_route=%2Fwp%2Fv2%2Ffolder&post=3116"}],"curies":[{"name":"wp","href":"https:\/\/api.w.org\/{rel}","templated":true}]}}