{"id":3128,"date":"2026-03-03T12:28:11","date_gmt":"2026-03-03T11:28:11","guid":{"rendered":"https:\/\/airap.asso.fr\/?page_id=3128"},"modified":"2026-03-03T13:13:03","modified_gmt":"2026-03-03T12:13:03","slug":"valloire-val-thorens-morts-evitables","status":"publish","type":"page","link":"https:\/\/airap.asso.fr\/?page_id=3128","title":{"rendered":"Valloire, Val Thorens, 2 morts, Pourquoi?"},"content":{"rendered":"<h2 style=\"font-weight: 400;\"><em><strong><u>Val Thorens,<\/u><\/strong><strong>\u00a0<u>Valloire, <\/u><\/strong><\/em><strong><u><em>des morts, par avalanches, injustifiables,<\/em> <\/u><\/strong><\/h2>\n<h2 style=\"font-weight: 400;\"><strong>1- Les faits\u00a0:<\/strong><\/h2>\n<ul>\n<li style=\"font-weight: 400; text-align: left;\"><strong>\u00a0 Val Thorens, le 17 avril 2025, u<\/strong><strong>n mort \u00a0 &#8211; Maire : Monsieur Claude Jay, administrateur de l\u2019ANMSM\u00a0 \u00a0 \u00a0 \u00a0 \u00a0 \u00a0 \u00a0 \u00a0 \u00a0 \u00a0 \u00a0 \u00a0 \u00a0 \u00a0 \u00a0 \u00a0 \u00a0 \u00a0 \u00a0 \u00a0 \u00a0 \u00a0 \u00a0 \u00a0 \u00a0 \u00a0 \u00a0 \u00a0 \u00a0 \u00a0 \u00a0 \u00a0 \u00a0 \u00a0 \u00a0 \u00a0 \u00a0 \u00a0 \u00a0 \u00a0 \u00a0 \u00a0 \u00a0 \u00a0 \u00a0 \u00a0 \u00a0 \u00a0 \u00a0 \u00a0 \u00a0 \u00a0 \u00a0 \u00a0 \u00a0 \u00a0 \u00a0 \u00a0 \u00a0 \u00a0 \u00a0 \u00a0 \u00a0 \u00a0 \u00a0 \u00a0 \u00a0 \u00a0 \u00a0 \u00a0\u00a0<\/strong><\/li>\n<li><strong>\u00a0 Valloire, le 17 f\u00e9v 2026, un mort, deux bless\u00e9s polytraumatis\u00e9s &#8211; Maire : Monsieur Jean-Pierre \u00a0 \u00a0 \u00a0Rougeaux, secr\u00e9taire g\u00e9n\u00e9ral de l\u2019ANMSM, ancien pr\u00e9sident de l\u2019ANENA<\/strong><\/li>\n<\/ul>\n<h2><strong> 2 &#8211; Rappel des r\u00e8gles<\/strong><\/h2>\n<p><strong style=\"font-size: 16px;\">\u00a0 \u00a0 \u00a0<\/strong><strong>&#8211; \u00a0La r\u00e8gle et le r\u00f4le de l\u2019ANEM et de l\u2019ANMSM<\/strong><\/p>\n<p><strong>\u00a0 \u00a0 \u00a0 \u00a0 \u00a0 \u00a0 \u00a0 \u00a0 \u00a0 \u00a0 \u00a0 \u00a0 \u00a0 \u00a0En 2001<\/strong>, suite \u00e0 l\u2019avalanche de Montroc-Chamonix de 1999 (12 morts), l\u2019ensemble des \u00ab\u00a0sachants \u00ab\u00a0(publics et priv\u00e9s) de France avait recommand\u00e9 \u00e0 l\u2019Etat de prendre en compte les avalanches d\u2019occurrence sup\u00e9rieure \u00e0 100 ans (jusqu\u2019\u00e0 300 ans) comme cela se pratiquait depuis des d\u00e9cennies dans les autres pays d\u2019Europe expos\u00e9s. Le Guide m\u00e9thodologique avalanches, \u00e9crit en 2001 dans cet esprit, n\u2019a \u00e9t\u00e9 sign\u00e9 qu\u2019en \u20262015, gr\u00e2ce \u00e0 la pression constante, depuis sa cr\u00e9ation en 2005, de l\u2019AIRAP, et en d\u00e9pit de l\u2019opposition absolue de l\u2019ANEM (association nationale des \u00e9lus de montagne) et de l\u2019ANMSM (association nationale des maires de stations de montagne). Ce Guide officialisait la notion d\u2019ARE, al\u00e9a de r\u00e9f\u00e9rence exceptionnel (ou avalanche exceptionnelle) qui devait donc \u00eatre cartographi\u00e9 partout o\u00f9 ce risque \u00e9tait identifi\u00e9.<\/p>\n<p style=\"font-weight: 400;\">Les secteurs concern\u00e9s, parall\u00e8lement, avaient \u00e9t\u00e9 identifi\u00e9s \u00e0 la demande de l\u2019Etat, par l\u2019INRAE d\u00e8s 2010 dans 169 communes. Sont donc ainsi r\u00e9pertori\u00e9s pr\u00e9cis\u00e9ment les SSAH (sites sensibles aux avalanches en secteurs habit\u00e9s) o\u00f9 il faut pouvoir analyser l\u2019extension maximum possible de l\u2019avalanche susceptible de tomber sur des habitations et de les d\u00e9truire en tuant leurs habitants.<\/p>\n<p style=\"font-weight: 400;\">Utile de pr\u00e9ciser \u00e0 ce stade que ces secteurs d\u2019ARE n\u2019apportent aucune contrainte d\u2019urbanisme aux terrains concern\u00e9s (sauf pour interdire des b\u00e2timents publics \u00e0 usage technique et d\u2019exiger des h\u00f4tels neufs qu\u2019ils puissent confiner leurs h\u00f4tes sur place). La seule contrainte pour le maire, faire \u00e9vacuer les logements concern\u00e9s le moment venu.<\/p>\n<p style=\"font-weight: 400;\">Jusqu\u2019en 2024, l\u2019ANEM a maintenu cette opposition (courrier de Mr Wauquiez \u00e0 disposition- 2014) lev\u00e9e officiellement en avril 2025 aupr\u00e8s de ses adh\u00e9rents. L\u2019ANMSM n\u2019a pas boug\u00e9.<\/p>\n<ul>\n<li><strong>Le r\u00f4le de l\u2019ANENA<\/strong><\/li>\n<\/ul>\n<p style=\"font-weight: 400;\"><strong>Association \u00a0nationale pour l\u2019\u00e9tude de la neige et des avalanches, <\/strong>cr\u00e9\u00e9e sur initiative de l\u2019\u00c9tat fran\u00e7ais en 1971 \u00e0 la suite des avalanches dramatiques de l\u2019hiver 1969-70 (Val d\u2019Is\u00e8re et Tignes (48 morts), a eu pour mission de faire progresser la s\u00e9curit\u00e9 face aux risques li\u00e9s \u00e0 la neige et aux avalanches., bien s\u00fbr en zone urbaine en particulier.<\/p>\n<p style=\"font-weight: 400;\"><strong>L\u2019ANENA <\/strong>, subventionn\u00e9e en particulier par l\u2019ANMSM, a tenu son r\u00f4le mais, \u00e0 partir de 2014 (fin du mandat de son pr\u00e9sident Jean Faure), s\u2019est abstenue de toute communication, information, r\u00e9flexion, conseil sur ce risque en secteurs habit\u00e9s pour ne plus se concentrer que sur la protection des skieurs sur pistes et hors-pistes (ce qu\u2019elle fait bien au demeurant. Pour le faire, il fallait l\u2019accord ,\u00a0 notamment, d\u2019un gros partenaire financier, l\u2019ANMSM. Toujours refus\u00e9\u00a0!<\/p>\n<p style=\"font-weight: 400;\">Une ANENA tr\u00e8s professionnelle sur certains aspects mais contrainte et contr\u00f4l\u00e9e par ses pr\u00e9sidents successifs, tous membres de l\u2019ANMSM. On n\u2019y parle pas d\u2019ARE (avalanches exceptionnelles), pas plus que d\u2019\u2019automate d\u2019alerte ou de d\u00e9clenchements artificiels d\u2019avalanche au-dessus des zones habit\u00e9es (PIDA). \u00a0 \u00a0 \u00a0 \u00a0 \u00a0 \u00a0 \u00a0 \u00a0 \u00a0 \u00a0 \u00a0 \u00a0 \u00a0 \u00a0 \u00a0 \u00a0 \u00a0 \u00a0 \u00a0 \u00a0 \u00a0 \u00a0 \u00a0 \u00a0 \u00a0 \u00a0 \u00a0 \u00a0 \u00a0 \u00a0 \u00a0 \u00a0 \u00a0 \u00a0 \u00a0 \u00a0 \u00a0 \u00a0 \u00a0 \u00a0 \u00a0 \u00a0 \u00a0 \u00a0 \u00a0 \u00a0 \u00a0 \u00a0 \u00a0 \u00a0 \u00a0 \u00a0 \u00a0 \u00a0 \u00a0 \u00a0 \u00a0 \u00a0 \u00a0 \u00a0 \u00a0 \u00a0Une r\u00e9gression compl\u00e8te face \u00e0 l\u2019objectif d\u2019origine. \u00a0 \u00a0 \u00a0 \u00a0 \u00a0 \u00a0 \u00a0 \u00a0 \u00a0 \u00a0 \u00a0 \u00a0 \u00a0 \u00a0 \u00a0 \u00a0 \u00a0 \u00a0 \u00a0 \u00a0 \u00a0 \u00a0 \u00a0 \u00a0 \u00a0 \u00a0 \u00a0 \u00a0 \u00a0 \u00a0 \u00a0 \u00a0 \u00a0 \u00a0 \u00a0 \u00a0 \u00a0 \u00a0 \u00a0 \u00a0 \u00a0 \u00a0 \u00a0 \u00a0 \u00a0 \u00a0 \u00a0 \u00a0 \u00a0 \u00a0 \u00a0 \u00a0 \u00a0 \u00a0 \u00a0 \u00a0 \u00a0 \u00a0 \u00a0 \u00a0 \u00a0 \u00a0 \u00a0 \u00a0 Attristant\u00a0!<\/p>\n<ul>\n<li><strong>Le r\u00f4le de l\u2019Etat<\/strong><\/li>\n<\/ul>\n<p style=\"font-weight: 400;\">\u00a0\u00a0\u00a0\u00a0\u00a0\u00a0\u00a0\u00a0\u00a0\u00a0\u00a0\u00a0\u00a0 Bien qu\u2019\u00e0 l\u2019origine du Guide m\u00e9thodologique, le minist\u00e8re de la Transition \u00e9cologique estime que ce n\u2019est pas \u00e0 lui \u00e0 veiller \u00e0 ce que les r\u00e8gles soient appliqu\u00e9es\u2026<\/p>\n<p style=\"font-weight: 400;\">Le minist\u00e8re de l\u2019Int\u00e9rieur estime que ce n\u2019est pas non plus \u00e0 lui \u00e0 veiller \u00e0 cela mais que c\u2019est de la responsabilit\u00e9 des pr\u00e9fets. Et quand les pr\u00e9fets (certains d\u2019entre eux) ne font rien, ceux-ci seront alors sanctionn\u00e9s. Si drame il y a. \u00a0 \u00a0 \u00a0 \u00a0 \u00a0 \u00a0 \u00a0 \u00a0 \u00a0 \u00a0 \u00a0 \u00a0 \u00a0 \u00a0 \u00a0 \u00a0 \u00a0 \u00a0 \u00a0 \u00a0 \u00a0 \u00a0 \u00a0 \u00a0 Bref, tout sauf de la pr\u00e9vention\u2026 \u00a0 \u00a0 \u00a0 \u00a0 \u00a0 \u00a0 \u00a0 \u00a0 \u00a0 \u00a0 \u00a0 \u00a0 \u00a0 \u00a0 \u00a0 \u00a0 \u00a0 \u00a0 \u00a0 \u00a0 \u00a0 \u00a0 \u00a0 \u00a0 \u00a0 \u00a0 \u00a0 \u00a0 \u00a0 \u00a0 \u00a0 \u00a0 \u00a0 \u00a0 \u00a0 \u00a0 \u00a0 \u00a0 \u00a0 \u00a0 \u00a0 \u00a0 \u00a0 \u00a0 \u00a0 \u00a0 \u00a0 \u00a0 \u00a0 \u00a0 \u00a0 \u00a0 \u00a0 \u00a0 \u00a0 \u00a0 \u00a0 \u00a0 \u00a0 \u00a0 \u00a0 \u00a0 \u00a0 \u00a0 \u00a0 \u00a0 \u00a0 \u00a0 \u00a0 \u00a0 \u00a0 \u00a0 \u00a0 \u00a0 \u00a0 \u00a0 \u00a0 \u00a0 \u00a0 \u00a0 Affligeant\u00a0!<\/p>\n<ul>\n<li><strong>Le r\u00f4le particulier du \u00ab\u00a0conseiller montagne\u00a0\u00bb du pr\u00e9fet de la Savoie<\/strong><\/li>\n<\/ul>\n<p style=\"font-weight: 400;\">Longtemps responsable du SIDPC<strong> de Savoie, <\/strong>cette personne nous avait indiqu\u00e9 il y a plusieurs ann\u00e9es, son opposition totale \u00e0 ces prises en compte de l\u2019ARE, dussent-ils y avoir des cons\u00e9quences judiciaires, cons\u00e9quences<strong> \u00ab\u00a0<\/strong>dont il avait l\u2019exp\u00e9rience de se sortir \u00bb(sic). \u00a0 \u00a0 \u00a0 \u00a0 \u00a0 \u00a0 \u00a0 \u00a0 \u00a0 \u00a0 \u00a0 \u00a0 \u00a0 \u00a0 \u00a0 \u00a0 \u00a0 \u00a0 \u00a0 \u00a0 \u00a0 \u00a0 \u00a0 \u00a0 \u00a0 \u00a0 \u00a0 \u00a0 \u00a0 \u00a0 \u00a0 \u00a0 \u00a0 \u00a0 \u00a0 \u00a0 \u00a0 \u00a0 \u00a0 \u00a0 \u00a0 \u00a0 \u00a0 \u00a0 \u00a0 \u00a0 \u00a0 \u00a0 \u00a0 \u00a0 \u00a0 \u00a0 \u00a0 \u00a0 \u00a0 \u00a0 \u00a0 \u00a0 \u00a0 \u00a0 \u00a0 \u00a0 \u00a0 \u00a0 \u00a0 \u00a0 \u00a0 \u00a0 \u00a0 \u00a0 \u00a0 \u00a0 \u00a0 \u00a0 \u00a0 \u00a0 \u00a0 \u00a0 \u00a0 \u00a0 \u00a0 \u00a0 \u00a0 \u00a0 \u00a0 \u00a0 \u00a0 \u00a0 \u00a0 \u00a0 \u00a0 \u00a0 \u00a0 \u00a0 \u00a0 \u00a0 \u00a0 \u00a0 \u00a0 \u00a0 \u00a0 \u00a0 \u00a0 \u00a0 \u00a0Tr\u00e8s connue pour ses comp\u00e9tences r\u00e9elles sur la s\u00e9curit\u00e9 des skieurs (sur pistes et hors-pistes) et de ce fait tr\u00e8s proches de l\u2019ANMSM, elle est membre du conseil technique de l\u2019ANENA\u2026 \u00a0 \u00a0 \u00a0 \u00a0 \u00a0 \u00a0 \u00a0 \u00a0 \u00a0 \u00a0 \u00a0 \u00a0 \u00a0 \u00a0 \u00a0 \u00a0 \u00a0 \u00a0 \u00a0 \u00a0 \u00a0 \u00a0 \u00a0 \u00a0 \u00a0 \u00a0 \u00a0 \u00a0 \u00a0 \u00a0 \u00a0 \u00a0 \u00a0 \u00a0 \u00a0 \u00a0 \u00a0 \u00a0 \u00a0 \u00a0 \u00a0 \u00a0 \u00a0 \u00a0 \u00a0 \u00a0 \u00a0 \u00a0 \u00a0 \u00a0 \u00a0 \u00a0 \u00a0 \u00a0 \u00a0 \u00a0 \u00a0 \u00a0Partie \u00e0 la retraite le 15 aout 2018, elle a \u00e9t\u00e9 nomm\u00e9e un mois plus tard \u00ab\u00a0conseiller sp\u00e9cial montagne\u00a0\u00bb par le nouveau pr\u00e9fet de Savoie arriv\u00e9 3 mois plus t\u00f4t. C\u2019est dire le poids de ses recommandations, et l\u2019influence qu\u2019il peut avoir sur un pr\u00e9fet qui d\u00e9barque en Savoie n\u00e9cessairement sans grande connaissance de ce milieu, de ses dangers. \u2026et des arri\u00e8re-pens\u00e9es \u00e9ventuelles de certains\u2026 Et quel confort pour ses coll\u00e8gues si proches de l\u2019Is\u00e8re et des Hautes-Alpes de b\u00e9n\u00e9ficier d\u2019un pr\u00e9fet si bien conseill\u00e9.<\/p>\n<h2><strong>3 &#8211; Les r\u00e9sultats<\/strong><\/h2>\n<ul>\n<li style=\"list-style-type: none;\">\n<ul>\n<li>A mi-2025 (source DGPR-minist\u00e8re de la Transition \u00e9cologique), la Savoie, l\u2019Is\u00e8re et les Hautes-Alpes n\u2019ont r\u00e9alis\u00e9 en 10 ans qu\u2019un nombre ridicule de nouvelles cartographies prenant en compte l\u2019ARE alors que la Haute-Savoie et les Alpes-Maritimes ont r\u00e9alis\u00e9s presque toutes les leurs.<\/li>\n<li>En Savoie, sur 37 communes concern\u00e9es par l\u2019ARE, 28 ne font l\u2019objet d\u2019aucune prescription par le Pr\u00e9fet\u2026, En Is\u00e8re, 26 sur 34 et dans les Hautes-Alpes, 15 sur 21<\/li>\n<li>En Haute-Savoie, au contraire, seulement 9 sur 34 ne sont pas encore prescrites\u2026 \u00a0 \u00a0 \u00a0 \u00a0 \u00a0 \u00a0 \u00a0 \u00a0 \u00a0 \u00a0 \u00a0 \u00a0 \u00a0 \u00a0 \u00a0 \u00a0 \u00a0 \u00a0 \u00a0 \u00a0 \u00a0 \u00a0 \u00a0 \u00a0 \u00a0 \u00a0 \u00a0 \u00a0 <span style=\"font-size: 16px;\">\u00a0Cherchez l\u2019erreur\u2026attendez les victimes ! \u00a0 \u00a0 \u00a0 \u00a0 \u00a0 \u00a0 \u00a0 \u00a0 \u00a0 \u00a0 \u00a0 \u00a0 \u00a0 \u00a0 \u00a0 \u00a0 \u00a0 \u00a0 \u00a0 \u00a0 \u00a0 \u00a0 \u00a0 \u00a0 \u00a0 \u00a0 \u00a0 \u00a0 \u00a0 \u00a0 \u00a0 \u00a0 \u00a0 \u00a0 \u00a0 \u00a0 \u00a0 \u00a0 \u00a0 \u00a0 \u00a0 \u00a0 \u00a0 \u00a0 \u00a0 \u00a0 \u00a0 \u00a0 \u00a0 \u00a0 \u00a0 \u00a0 \u00a0 \u00a0 \u00a0 \u00a0 \u00a0 \u00a0 \u00a0 \u00a0 \u00a0 \u00a0 <\/span><span style=\"font-size: 16px;\">\u00a0 Inqui\u00e9tant !<\/span><\/li>\n<\/ul>\n<\/li>\n<li><strong>La culture du risque<\/strong>. A force de dire que les avalanches n\u2019existent plus, les maires n\u2019ont plus la culture du risque. Leur objectif\u00a0: faire venir des skieurs et faire marcher le commerce. C\u2019est celui officiel de l\u2019ANMSM. Pourquoi alerter une population, avoir un automate d\u2019alerte\u00a0? Pour faire peur\u00a0?<\/li>\n<li>Plus concr\u00e8tement, quand cet outil existe, s\u2019il est mal utilis\u00e9, il ne sert \u00e0 rien (cas de Val Thorens)<\/li>\n<\/ul>\n<h2><strong>4 &#8211; Valloire et Val Thorens, des explications<\/strong><\/h2>\n<p style=\"font-weight: 400;\"><strong>\u00a0\u00a0\u00a0\u00a0\u00a0\u00a0\u00a0\u00a0\u00a0\u00a0\u00a0\u00a0\u00a0\u00a0 <\/strong>Nous imaginons que les maires de Val Thorens et Valloire auront, au minimum, \u00e0 donner des explications pr\u00e9cises aux familles des victimes sur la mani\u00e8re dont ils ont pr\u00e9par\u00e9 \u00a0et g\u00e9r\u00e9 ces crises avalancheuses, justement assez exceptionnelles, qui ont d\u00e9bouch\u00e9 sur deux morts. Il serait sans doute utile qu\u2019ils se fassent aider dans leurs explications par l\u2019ANMSM dont le r\u00f4le (nous n\u2019avons pas connaissance de ses statuts) est, peut-\u00eatre, d\u2019aider ses adh\u00e9rents.<\/p>\n<ul>\n<li><strong>Pi\u00e8ces jointes : notes sur les drames de \u00a0 \u00a0 \u00a0 \u00a0 \u00a0 \u00a0 \u00a0 \u00a0 \u00a0 \u00a0 \u00a0 \u00a0 \u00a0 \u00a0 \u00a0 \u00a0 \u00a0 \u00a0 \u00a0 \u00a0 \u00a0 \u00a0 \u00a0 \u00a0 \u00a0 \u00a0 \u00a0 \u00a0 \u00a0 \u00a0 \u00a0 \u00a0 \u00a0 \u00a0 \u00a0 \u00a0 \u00a0 \u00a0 \u00a0 \u00a0 \u00a0 \u00a0 \u00a0 \u00a0 \u00a0 \u00a0 \u00a0 \u00a0 \u00a0 \u00a0 \u00a0 \u00a0 \u00a0 \u00a0 \u00a0 \u00a0 \u00a0 \u00a0 \u00a0 \u00a0 \u00a0 \u00a0 \u00a0 \u00a0 \u00a0 \u00a0 \u00a0 \u00a0 \u00a0 \u00a0 \u00a0 \u00a0 \u00a0 \u00a0 \u00a0 \u00a0<\/strong><strong>Val Thorens et <\/strong><strong>Valloire<\/strong><\/li>\n<\/ul>\n<p style=\"font-weight: 400;\">Mais, comme pourrait le laisser entendre cette publication, ci-dessous, de l\u2019ANMSM, la s\u00e9curit\u00e9 appara\u00eet comme le dernier (le 8 \u00e8me) de ses soucis, sondage oblige\u2026et elle ne craint pas de l\u2019afficher !<\/p>\n<p><a href=\"https:\/\/airap.asso.fr\/wp-content\/uploads\/2026\/03\/AIRAPANMSM-photos-site-2026-02-26.docx\">AIRAPANMSM photos site 2026 02 26<\/a><\/p>\n","protected":false},"excerpt":{"rendered":"<p>Val Thorens,\u00a0Valloire, des morts, par avalanches, injustifiables, 1- Les faits\u00a0: \u00a0 Val Thorens, le 17 avril 2025, un mort \u00a0 &#8211; Maire : Monsieur Claude Jay, administrateur de l\u2019ANMSM\u00a0 \u00a0 \u00a0 \u00a0 \u00a0 \u00a0 \u00a0 \u00a0 \u00a0 \u00a0 \u00a0 \u00a0 \u00a0 \u00a0 \u00a0 \u00a0 \u00a0 \u00a0 \u00a0 \u00a0 \u00a0 \u00a0 \u00a0 \u00a0 \u00a0 \u00a0 \u00a0 [&hellip;]<\/p>\n","protected":false},"author":2,"featured_media":0,"parent":0,"menu_order":0,"comment_status":"closed","ping_status":"closed","template":"","meta":{"sfsi_plus_gutenberg_text_before_share":"","sfsi_plus_gutenberg_show_text_before_share":"","sfsi_plus_gutenberg_icon_type":"","sfsi_plus_gutenberg_icon_alignemt":"","sfsi_plus_gutenburg_max_per_row":"","site-sidebar-layout":"default","site-content-layout":"","ast-site-content-layout":"default","site-content-style":"default","site-sidebar-style":"default","ast-global-header-display":"","ast-banner-title-visibility":"","ast-main-header-display":"","ast-hfb-above-header-display":"","ast-hfb-below-header-display":"","ast-hfb-mobile-header-display":"","site-post-title":"","ast-breadcrumbs-content":"","ast-featured-img":"","footer-sml-layout":"","ast-disable-related-posts":"","theme-transparent-header-meta":"default","adv-header-id-meta":"","stick-header-meta":"","header-above-stick-meta":"","header-main-stick-meta":"","header-below-stick-meta":"","astra-migrate-meta-layouts":"set","ast-page-background-enabled":"default","ast-page-background-meta":{"desktop":{"background-color":"var(--ast-global-color-4)","background-image":"","background-repeat":"repeat","background-position":"center center","background-size":"auto","background-attachment":"scroll","background-type":"","background-media":"","overlay-type":"","overlay-color":"","overlay-opacity":"","overlay-gradient":""},"tablet":{"background-color":"","background-image":"","background-repeat":"repeat","background-position":"center center","background-size":"auto","background-attachment":"scroll","background-type":"","background-media":"","overlay-type":"","overlay-color":"","overlay-opacity":"","overlay-gradient":""},"mobile":{"background-color":"","background-image":"","background-repeat":"repeat","background-position":"center center","background-size":"auto","background-attachment":"scroll","background-type":"","background-media":"","overlay-type":"","overlay-color":"","overlay-opacity":"","overlay-gradient":""}},"ast-content-background-meta":{"desktop":{"background-color":"var(--ast-global-color-5)","background-image":"","background-repeat":"repeat","background-position":"center center","background-size":"auto","background-attachment":"scroll","background-type":"","background-media":"","overlay-type":"","overlay-color":"","overlay-opacity":"","overlay-gradient":""},"tablet":{"background-color":"var(--ast-global-color-5)","background-image":"","background-repeat":"repeat","background-position":"center center","background-size":"auto","background-attachment":"scroll","background-type":"","background-media":"","overlay-type":"","overlay-color":"","overlay-opacity":"","overlay-gradient":""},"mobile":{"background-color":"var(--ast-global-color-5)","background-image":"","background-repeat":"repeat","background-position":"center center","background-size":"auto","background-attachment":"scroll","background-type":"","background-media":"","overlay-type":"","overlay-color":"","overlay-opacity":"","overlay-gradient":""}},"footnotes":""},"folder":[],"class_list":["post-3128","page","type-page","status-publish","hentry"],"yoast_head":"<!-- This site is optimized with the Yoast SEO plugin v27.4 - https:\/\/yoast.com\/product\/yoast-seo-wordpress\/ -->\n<title>Valloire, Val Thorens, 2 morts, Pourquoi? - AIRAP<\/title>\n<meta name=\"robots\" content=\"index, follow, max-snippet:-1, max-image-preview:large, max-video-preview:-1\" \/>\n<link rel=\"canonical\" href=\"https:\/\/airap.asso.fr\/?page_id=3128\" \/>\n<meta property=\"og:locale\" content=\"fr_FR\" \/>\n<meta property=\"og:type\" content=\"article\" \/>\n<meta property=\"og:title\" content=\"Valloire, Val Thorens, 2 morts, Pourquoi? - AIRAP\" \/>\n<meta property=\"og:description\" content=\"Val Thorens,\u00a0Valloire, des morts, par avalanches, injustifiables, 1- Les faits\u00a0: \u00a0 Val Thorens, le 17 avril 2025, un mort \u00a0 &#8211; Maire : Monsieur Claude Jay, administrateur de l\u2019ANMSM\u00a0 \u00a0 \u00a0 \u00a0 \u00a0 \u00a0 \u00a0 \u00a0 \u00a0 \u00a0 \u00a0 \u00a0 \u00a0 \u00a0 \u00a0 \u00a0 \u00a0 \u00a0 \u00a0 \u00a0 \u00a0 \u00a0 \u00a0 \u00a0 \u00a0 \u00a0 \u00a0 [&hellip;]\" \/>\n<meta property=\"og:url\" content=\"https:\/\/airap.asso.fr\/?page_id=3128\" \/>\n<meta property=\"og:site_name\" content=\"AIRAP\" \/>\n<meta property=\"article:publisher\" content=\"https:\/\/www.facebook.com\/airapasso\/\" \/>\n<meta property=\"article:modified_time\" content=\"2026-03-03T12:13:03+00:00\" \/>\n<meta property=\"og:image\" content=\"https:\/\/airap.asso.fr\/wp-content\/uploads\/2021\/06\/cropped-AIRAP-1.png\" \/>\n\t<meta property=\"og:image:width\" content=\"512\" \/>\n\t<meta property=\"og:image:height\" content=\"512\" \/>\n\t<meta property=\"og:image:type\" content=\"image\/png\" \/>\n<meta name=\"twitter:card\" content=\"summary_large_image\" \/>\n<meta name=\"twitter:site\" content=\"@AirapFrance\" \/>\n<meta name=\"twitter:label1\" content=\"Dur\u00e9e de lecture estim\u00e9e\" \/>\n\t<meta name=\"twitter:data1\" content=\"6 minutes\" \/>\n<script type=\"application\/ld+json\" class=\"yoast-schema-graph\">{\"@context\":\"https:\\\/\\\/schema.org\",\"@graph\":[{\"@type\":\"WebPage\",\"@id\":\"https:\\\/\\\/airap.asso.fr\\\/?page_id=3128\",\"url\":\"https:\\\/\\\/airap.asso.fr\\\/?page_id=3128\",\"name\":\"Valloire, Val Thorens, 2 morts, Pourquoi? - AIRAP\",\"isPartOf\":{\"@id\":\"https:\\\/\\\/airap.asso.fr\\\/#website\"},\"datePublished\":\"2026-03-03T11:28:11+00:00\",\"dateModified\":\"2026-03-03T12:13:03+00:00\",\"breadcrumb\":{\"@id\":\"https:\\\/\\\/airap.asso.fr\\\/?page_id=3128#breadcrumb\"},\"inLanguage\":\"fr-FR\",\"potentialAction\":[{\"@type\":\"ReadAction\",\"target\":[\"https:\\\/\\\/airap.asso.fr\\\/?page_id=3128\"]}]},{\"@type\":\"BreadcrumbList\",\"@id\":\"https:\\\/\\\/airap.asso.fr\\\/?page_id=3128#breadcrumb\",\"itemListElement\":[{\"@type\":\"ListItem\",\"position\":1,\"name\":\"Accueil\",\"item\":\"https:\\\/\\\/airap.asso.fr\\\/\"},{\"@type\":\"ListItem\",\"position\":2,\"name\":\"Valloire, Val Thorens, 2 morts, Pourquoi?\"}]},{\"@type\":\"WebSite\",\"@id\":\"https:\\\/\\\/airap.asso.fr\\\/#website\",\"url\":\"https:\\\/\\\/airap.asso.fr\\\/\",\"name\":\"AIRAP - Association pour l'Information sur les Risques d'Avalanches Urbaines et leur Pr\u00e9vention\",\"description\":\"Association pour l&#039;Information sur les Risques d&#039;Avalanches Urbaines et leur Pr\u00e9vention\",\"publisher\":{\"@id\":\"https:\\\/\\\/airap.asso.fr\\\/#organization\"},\"potentialAction\":[{\"@type\":\"SearchAction\",\"target\":{\"@type\":\"EntryPoint\",\"urlTemplate\":\"https:\\\/\\\/airap.asso.fr\\\/?s={search_term_string}\"},\"query-input\":{\"@type\":\"PropertyValueSpecification\",\"valueRequired\":true,\"valueName\":\"search_term_string\"}}],\"inLanguage\":\"fr-FR\"},{\"@type\":\"Organization\",\"@id\":\"https:\\\/\\\/airap.asso.fr\\\/#organization\",\"name\":\"AIRAP ASSOCIATION\",\"url\":\"https:\\\/\\\/airap.asso.fr\\\/\",\"logo\":{\"@type\":\"ImageObject\",\"inLanguage\":\"fr-FR\",\"@id\":\"https:\\\/\\\/airap.asso.fr\\\/#\\\/schema\\\/logo\\\/image\\\/\",\"url\":\"https:\\\/\\\/airap.asso.fr\\\/wp-content\\\/uploads\\\/2021\\\/06\\\/ARAP-4.png\",\"contentUrl\":\"https:\\\/\\\/airap.asso.fr\\\/wp-content\\\/uploads\\\/2021\\\/06\\\/ARAP-4.png\",\"width\":500,\"height\":500,\"caption\":\"AIRAP ASSOCIATION\"},\"image\":{\"@id\":\"https:\\\/\\\/airap.asso.fr\\\/#\\\/schema\\\/logo\\\/image\\\/\"},\"sameAs\":[\"https:\\\/\\\/www.facebook.com\\\/airapasso\\\/\",\"https:\\\/\\\/x.com\\\/AirapFrance\"]}]}<\/script>\n<!-- \/ Yoast SEO plugin. -->","yoast_head_json":{"title":"Valloire, Val Thorens, 2 morts, Pourquoi? - AIRAP","robots":{"index":"index","follow":"follow","max-snippet":"max-snippet:-1","max-image-preview":"max-image-preview:large","max-video-preview":"max-video-preview:-1"},"canonical":"https:\/\/airap.asso.fr\/?page_id=3128","og_locale":"fr_FR","og_type":"article","og_title":"Valloire, Val Thorens, 2 morts, Pourquoi? - AIRAP","og_description":"Val Thorens,\u00a0Valloire, des morts, par avalanches, injustifiables, 1- Les faits\u00a0: \u00a0 Val Thorens, le 17 avril 2025, un mort \u00a0 &#8211; Maire : Monsieur Claude Jay, administrateur de l\u2019ANMSM\u00a0 \u00a0 \u00a0 \u00a0 \u00a0 \u00a0 \u00a0 \u00a0 \u00a0 \u00a0 \u00a0 \u00a0 \u00a0 \u00a0 \u00a0 \u00a0 \u00a0 \u00a0 \u00a0 \u00a0 \u00a0 \u00a0 \u00a0 \u00a0 \u00a0 \u00a0 \u00a0 [&hellip;]","og_url":"https:\/\/airap.asso.fr\/?page_id=3128","og_site_name":"AIRAP","article_publisher":"https:\/\/www.facebook.com\/airapasso\/","article_modified_time":"2026-03-03T12:13:03+00:00","og_image":[{"width":512,"height":512,"url":"https:\/\/airap.asso.fr\/wp-content\/uploads\/2021\/06\/cropped-AIRAP-1.png","type":"image\/png"}],"twitter_card":"summary_large_image","twitter_site":"@AirapFrance","twitter_misc":{"Dur\u00e9e de lecture estim\u00e9e":"6 minutes"},"schema":{"@context":"https:\/\/schema.org","@graph":[{"@type":"WebPage","@id":"https:\/\/airap.asso.fr\/?page_id=3128","url":"https:\/\/airap.asso.fr\/?page_id=3128","name":"Valloire, Val Thorens, 2 morts, Pourquoi? - AIRAP","isPartOf":{"@id":"https:\/\/airap.asso.fr\/#website"},"datePublished":"2026-03-03T11:28:11+00:00","dateModified":"2026-03-03T12:13:03+00:00","breadcrumb":{"@id":"https:\/\/airap.asso.fr\/?page_id=3128#breadcrumb"},"inLanguage":"fr-FR","potentialAction":[{"@type":"ReadAction","target":["https:\/\/airap.asso.fr\/?page_id=3128"]}]},{"@type":"BreadcrumbList","@id":"https:\/\/airap.asso.fr\/?page_id=3128#breadcrumb","itemListElement":[{"@type":"ListItem","position":1,"name":"Accueil","item":"https:\/\/airap.asso.fr\/"},{"@type":"ListItem","position":2,"name":"Valloire, Val Thorens, 2 morts, Pourquoi?"}]},{"@type":"WebSite","@id":"https:\/\/airap.asso.fr\/#website","url":"https:\/\/airap.asso.fr\/","name":"AIRAP - Association pour l'Information sur les Risques d'Avalanches Urbaines et leur Pr\u00e9vention","description":"Association pour l&#039;Information sur les Risques d&#039;Avalanches Urbaines et leur Pr\u00e9vention","publisher":{"@id":"https:\/\/airap.asso.fr\/#organization"},"potentialAction":[{"@type":"SearchAction","target":{"@type":"EntryPoint","urlTemplate":"https:\/\/airap.asso.fr\/?s={search_term_string}"},"query-input":{"@type":"PropertyValueSpecification","valueRequired":true,"valueName":"search_term_string"}}],"inLanguage":"fr-FR"},{"@type":"Organization","@id":"https:\/\/airap.asso.fr\/#organization","name":"AIRAP ASSOCIATION","url":"https:\/\/airap.asso.fr\/","logo":{"@type":"ImageObject","inLanguage":"fr-FR","@id":"https:\/\/airap.asso.fr\/#\/schema\/logo\/image\/","url":"https:\/\/airap.asso.fr\/wp-content\/uploads\/2021\/06\/ARAP-4.png","contentUrl":"https:\/\/airap.asso.fr\/wp-content\/uploads\/2021\/06\/ARAP-4.png","width":500,"height":500,"caption":"AIRAP ASSOCIATION"},"image":{"@id":"https:\/\/airap.asso.fr\/#\/schema\/logo\/image\/"},"sameAs":["https:\/\/www.facebook.com\/airapasso\/","https:\/\/x.com\/AirapFrance"]}]}},"_links":{"self":[{"href":"https:\/\/airap.asso.fr\/index.php?rest_route=\/wp\/v2\/pages\/3128","targetHints":{"allow":["GET"]}}],"collection":[{"href":"https:\/\/airap.asso.fr\/index.php?rest_route=\/wp\/v2\/pages"}],"about":[{"href":"https:\/\/airap.asso.fr\/index.php?rest_route=\/wp\/v2\/types\/page"}],"author":[{"embeddable":true,"href":"https:\/\/airap.asso.fr\/index.php?rest_route=\/wp\/v2\/users\/2"}],"replies":[{"embeddable":true,"href":"https:\/\/airap.asso.fr\/index.php?rest_route=%2Fwp%2Fv2%2Fcomments&post=3128"}],"version-history":[{"count":8,"href":"https:\/\/airap.asso.fr\/index.php?rest_route=\/wp\/v2\/pages\/3128\/revisions"}],"predecessor-version":[{"id":3139,"href":"https:\/\/airap.asso.fr\/index.php?rest_route=\/wp\/v2\/pages\/3128\/revisions\/3139"}],"wp:attachment":[{"href":"https:\/\/airap.asso.fr\/index.php?rest_route=%2Fwp%2Fv2%2Fmedia&parent=3128"}],"wp:term":[{"taxonomy":"folder","embeddable":true,"href":"https:\/\/airap.asso.fr\/index.php?rest_route=%2Fwp%2Fv2%2Ffolder&post=3128"}],"curies":[{"name":"wp","href":"https:\/\/api.w.org\/{rel}","templated":true}]}}